{"id":15669,"date":"2024-04-08T11:40:11","date_gmt":"2024-04-08T04:40:11","guid":{"rendered":"https:\/\/hembanh.com\/?post_type=product&#038;p=15669"},"modified":"2024-04-08T11:40:11","modified_gmt":"2024-04-08T04:40:11","slug":"banh-tam-giac-tiramisu-va-mousse-chocolate","status":"publish","type":"product","link":"https:\/\/hembanh.com\/index.php\/product\/banh-tam-giac-tiramisu-va-mousse-chocolate\/","title":{"rendered":"B\u00e1nh tam gi\u00e1c Tiramisu v\u00e0 Mousse Chocolate"},"content":{"rendered":"","protected":false},"excerpt":{"rendered":"","protected":false},"featured_media":15627,"comment_status":"open","ping_status":"closed","template":"","meta":[],"product_cat":[29],"product_tag":[79,74,77],"class_list":{"0":"post-15669","1":"product","2":"type-product","3":"status-publish","4":"has-post-thumbnail","6":"product_cat-banhtamgiac","7":"product_tag-banh-mousse-chocolate","8":"product_tag-banh-tam-giac","9":"product_tag-banh-tiramisu","11":"first","12":"instock","13":"shipping-taxable","14":"purchasable","15":"product-type-simple"},"aioseo_notices":[],"jetpack_sharing_enabled":true,"jetpack-related-posts":[],"_links":{"self":[{"href":"https:\/\/hembanh.com\/index.php\/wp-json\/wp\/v2\/product\/15669","targetHints":{"allow":["GET"]}}],"collection":[{"href":"https:\/\/hembanh.com\/index.php\/wp-json\/wp\/v2\/product"}],"about":[{"href":"https:\/\/hembanh.com\/index.php\/wp-json\/wp\/v2\/types\/product"}],"replies":[{"embeddable":true,"href":"https:\/\/hembanh.com\/index.php\/wp-json\/wp\/v2\/comments?post=15669"}],"version-history":[{"count":1,"href":"https:\/\/hembanh.com\/index.php\/wp-json\/wp\/v2\/product\/15669\/revisions"}],"predecessor-version":[{"id":15670,"href":"https:\/\/hembanh.com\/index.php\/wp-json\/wp\/v2\/product\/15669\/revisions\/15670"}],"wp:featuredmedia":[{"embeddable":true,"href":"https:\/\/hembanh.com\/index.php\/wp-json\/wp\/v2\/media\/15627"}],"wp:attachment":[{"href":"https:\/\/hembanh.com\/index.php\/wp-json\/wp\/v2\/media?parent=15669"}],"wp:term":[{"taxonomy":"product_cat","embeddable":true,"href":"https:\/\/hembanh.com\/index.php\/wp-json\/wp\/v2\/product_cat?post=15669"},{"taxonomy":"product_tag","embeddable":true,"href":"https:\/\/hembanh.com\/index.php\/wp-json\/wp\/v2\/product_tag?post=15669"}],"curies":[{"name":"wp","href":"https:\/\/api.w.org\/{rel}","templated":true}]}}