{"id":15729,"date":"2024-04-08T12:06:54","date_gmt":"2024-04-08T05:06:54","guid":{"rendered":"https:\/\/hembanh.com\/?post_type=product&#038;p=15729"},"modified":"2024-04-08T15:01:08","modified_gmt":"2024-04-08T08:01:08","slug":"vuong-20","status":"publish","type":"product","link":"https:\/\/hembanh.com\/index.php\/product\/vuong-20\/","title":{"rendered":"B\u00e1nh vu\u00f4ng 20"},"content":{"rendered":"<p>K\u00edch th\u01b0\u1edbc 1 \u00f4 l\u00e0 6x6cm<\/p>\n","protected":false},"excerpt":{"rendered":"<p>K\u00edch th\u01b0\u1edbc 1 \u00f4 l\u00e0 6x6cm<\/p>\n","protected":false},"featured_media":15635,"comment_status":"open","ping_status":"closed","template":"","meta":[],"product_cat":[20],"product_tag":[81,80],"class_list":{"0":"post-15729","1":"product","2":"type-product","3":"status-publish","4":"has-post-thumbnail","6":"product_cat-banhvuong","7":"product_tag-banh-nhieu-vi","8":"product_tag-banh-vuong","10":"first","11":"instock","12":"shipping-taxable","13":"purchasable","14":"product-type-simple"},"aioseo_notices":[],"jetpack_sharing_enabled":true,"jetpack-related-posts":[],"_links":{"self":[{"href":"https:\/\/hembanh.com\/index.php\/wp-json\/wp\/v2\/product\/15729","targetHints":{"allow":["GET"]}}],"collection":[{"href":"https:\/\/hembanh.com\/index.php\/wp-json\/wp\/v2\/product"}],"about":[{"href":"https:\/\/hembanh.com\/index.php\/wp-json\/wp\/v2\/types\/product"}],"replies":[{"embeddable":true,"href":"https:\/\/hembanh.com\/index.php\/wp-json\/wp\/v2\/comments?post=15729"}],"version-history":[{"count":3,"href":"https:\/\/hembanh.com\/index.php\/wp-json\/wp\/v2\/product\/15729\/revisions"}],"predecessor-version":[{"id":15736,"href":"https:\/\/hembanh.com\/index.php\/wp-json\/wp\/v2\/product\/15729\/revisions\/15736"}],"wp:featuredmedia":[{"embeddable":true,"href":"https:\/\/hembanh.com\/index.php\/wp-json\/wp\/v2\/media\/15635"}],"wp:attachment":[{"href":"https:\/\/hembanh.com\/index.php\/wp-json\/wp\/v2\/media?parent=15729"}],"wp:term":[{"taxonomy":"product_cat","embeddable":true,"href":"https:\/\/hembanh.com\/index.php\/wp-json\/wp\/v2\/product_cat?post=15729"},{"taxonomy":"product_tag","embeddable":true,"href":"https:\/\/hembanh.com\/index.php\/wp-json\/wp\/v2\/product_tag?post=15729"}],"curies":[{"name":"wp","href":"https:\/\/api.w.org\/{rel}","templated":true}]}}